{"id":29,"date":"2025-05-03T06:15:38","date_gmt":"2025-05-03T06:15:38","guid":{"rendered":"https:\/\/www.yasamcantam.com\/index.php\/about\/"},"modified":"2025-05-09T07:32:59","modified_gmt":"2025-05-09T07:32:59","slug":"hakkimizda","status":"publish","type":"page","link":"https:\/\/www.yasamcantam.com\/en\/hakkimizda\/","title":{"rendered":"About Us"},"content":{"rendered":"\n<div class=\"wp-block-uagb-container uagb-block-c832201d alignfull uagb-is-root-container\">\n<div class=\"wp-block-uagb-container uagb-block-64e228b6 alignfull uagb-is-root-container\"><div class=\"uagb-container-inner-blocks-wrap\">\n<div class=\"wp-block-uagb-advanced-heading uagb-block-c75532a5\"><p class=\"uagb-desc-text\">G\u00fcvenli\u011finiz \u0130\u00e7in Buraday\u0131z<\/p><h1 class=\"uagb-heading-text\">Acil Durum Haz\u0131rl\u0131klar\u0131nda Lider Platform<\/h1><\/div>\n<\/div><\/div>\n<\/div>\n\n\n\n<div class=\"wp-block-uagb-container uagb-block-8e70baa8 alignfull uagb-is-root-container\"><div class=\"uagb-container-inner-blocks-wrap\">\n<div class=\"wp-block-uagb-advanced-heading uagb-block-238f54b6\"><p class=\"uagb-desc-text\">Hakk\u0131m\u0131zda<\/p><h2 class=\"uagb-heading-text\">Ya\u015fam \u00c7antam: Afetlerin G\u00f6zetiminde En \u0130yi \u00c7\u00f6z\u00fcm<\/h2><\/div>\n\n\n\n<div class=\"wp-block-uagb-container uagb-block-440ea6bf\">\n<div class=\"wp-block-uagb-advanced-heading uagb-block-71538fbe\"><h3 class=\"uagb-heading-text\">Ya\u015fam \u00c7antam, T\u00fcrkiye&#8217;de acil durum haz\u0131rl\u0131k \u00fcr\u00fcnleri ve rehberlik hizmetleri sunarak bireylerin ve kurumlar\u0131n ihtiya\u00e7lar\u0131n\u0131 kar\u015f\u0131l\u0131yor. Uzman kadrosu ile sa\u011flam\u0131\u015f oldu\u011fu g\u00fcvenilir \u00e7\u00f6z\u00fcmler, bir\u00e7ok aile ve i\u015f yerinin kendilerini daha g\u00fcvende hissetmelerine yard\u0131mc\u0131 olmu\u015ftur.<\/h3><\/div>\n\n\n\n<div class=\"wp-block-uagb-advanced-heading uagb-block-5d360d71\"><p class=\"uagb-heading-text\">Kurulu\u015fundan bu yana, bir\u00e7ok birey ve kuruma do\u011fru rehberlik sunarak acil durumlara haz\u0131rl\u0131kl\u0131 olma konusunda fark\u0131ndal\u0131\u011f\u0131 artt\u0131rm\u0131\u015ft\u0131r. Ya\u015fam \u00c7antam, sadece \u00fcr\u00fcn tedarik etmekle kalmay\u0131p, ayn\u0131 zamanda toplumda g\u00fcven y\u00fcksekli\u011fi olu\u015fturmay\u0131 hedefliyor.<\/p><p class=\"uagb-desc-text\">Ya\u015fam \u00c7antam, afetlere haz\u0131rl\u0131k, bilin\u00e7lendirme ve e\u011fitim alanlar\u0131nda sundu\u011fu hizmetlerle T\u00fcrkiye&#8217;nin en \u00f6nemli platformlar\u0131ndan biri haline gelmi\u015ftir. Geni\u015f \u00fcr\u00fcn yelpazesi ve uzman ekibi ile her bireyin ve kurumun ihtiya\u00e7lar\u0131na g\u00f6re \u00f6zelle\u015ftirilmi\u015f \u00e7\u00f6z\u00fcmler sunmaktad\u0131r.<\/p><\/div>\n<\/div>\n<\/div><\/div>\n\n\n\n<div class=\"wp-block-uagb-container uagb-block-055eb44d alignfull uagb-is-root-container\"><\/div>\n\n\n\n<div class=\"wp-block-uagb-container uagb-block-d1380e5f alignfull uagb-is-root-container\"><div class=\"uagb-container-inner-blocks-wrap\">\n<div class=\"wp-block-uagb-container uag-blocks-common-selector uagb-layout-flex uagb-block-668251dd default uagb-is-root-container\">\n<div class=\"wp-block-uagb-info-box uagb-block-00ad18c3 uagb-infobox__content-wrap  uagb-infobox-icon-above-title uagb-infobox-image-valign-top\"><div class=\"uagb-ifb-content\"><div class=\"uagb-ifb-title-wrap\"><span class=\"uagb-ifb-title-prefix\">Misyonumuz<\/span><h2 class=\"uagb-ifb-title\">Misyonumuz: G\u00fcvenli Bir Gelecek Sa\u011flamak<\/h2><\/div><p class=\"uagb-ifb-desc\">Ya\u015fam \u00c7antam, acil durum haz\u0131rl\u0131klar\u0131nda vatanda\u015flar\u0131n bilin\u00e7lenmesini sa\u011fl\u0131yor ve ihtiya\u00e7 duyulan \u00fcr\u00fcnlerin zaman\u0131nda temin edilmesine yard\u0131mc\u0131 olarak hayat kurtarmay\u0131 ama\u00e7l\u0131yor. Sosyal sorumluluk bilinci ile hareket ediyoruz.<\/p><\/div><\/div>\n\n\n\n<div class=\"wp-block-uagb-container uagb-block-50df1689\">\n<div class=\"wp-block-uagb-info-box uagb-block-7edf9ae1 uagb-infobox__content-wrap  uagb-infobox-icon-above-title uagb-infobox-image-valign-top\"><div class=\"uagb-ifb-content\"><div class=\"uagb-ifb-title-wrap\"><span class=\"uagb-ifb-title-prefix\">De\u011ferlerimiz<\/span><h2 class=\"uagb-ifb-title\">De\u011ferlerimiz: G\u00fcven, Kalite ve Toplumsal Sorumluluk<\/h2><\/div><p class=\"uagb-ifb-desc\">Ya\u015fam \u00c7antam, her bireyin ve kurumun g\u00fcvenli\u011fini \u00f6ncelikli de\u011fer olarak kabul eder. Kaliteli \u00fcr\u00fcnler sunarak m\u00fc\u015fterilerinin ihtiya\u00e7lar\u0131n\u0131 kar\u015f\u0131lamay\u0131 ve toplumsal sorumluluk bilinciyle hareket etmeyi taahh\u00fct ederiz.<\/p><\/div><\/div>\n\n\n\n<div class=\"wp-block-uagb-icon-list uagb-block-d3635b82\"><div class=\"uagb-icon-list__wrap\">\n<div class=\"wp-block-uagb-icon-list-child uagb-block-c7354038\"><span class=\"uagb-icon-list__source-wrap\"><svg xmlns=\"https:\/\/www.w3.org\/2000\/svg\" viewBox=\"0 0 448 512\"><path d=\"M438.6 105.4C451.1 117.9 451.1 138.1 438.6 150.6L182.6 406.6C170.1 419.1 149.9 419.1 137.4 406.6L9.372 278.6C-3.124 266.1-3.124 245.9 9.372 233.4C21.87 220.9 42.13 220.9 54.63 233.4L159.1 338.7L393.4 105.4C405.9 92.88 426.1 92.88 438.6 105.4H438.6z\"><\/path><\/svg><\/span><span class=\"uagb-icon-list__label\">M\u00fc\u015fteri odakl\u0131, g\u00fcvenilir hizmet anlay\u0131\u015f\u0131.<\/span><\/div>\n\n\n\n<div class=\"wp-block-uagb-icon-list-child uagb-block-ab25e6cc\"><span class=\"uagb-icon-list__source-wrap\"><svg xmlns=\"https:\/\/www.w3.org\/2000\/svg\" viewBox=\"0 0 448 512\"><path d=\"M438.6 105.4C451.1 117.9 451.1 138.1 438.6 150.6L182.6 406.6C170.1 419.1 149.9 419.1 137.4 406.6L9.372 278.6C-3.124 266.1-3.124 245.9 9.372 233.4C21.87 220.9 42.13 220.9 54.63 233.4L159.1 338.7L393.4 105.4C405.9 92.88 426.1 92.88 438.6 105.4H438.6z\"><\/path><\/svg><\/span><span class=\"uagb-icon-list__label\">Kaliteli \u00fcr\u00fcnlerle y\u00fcksek standart sa\u011flama.<\/span><\/div>\n\n\n\n<div class=\"wp-block-uagb-icon-list-child uagb-block-2061c740\"><span class=\"uagb-icon-list__source-wrap\"><svg xmlns=\"https:\/\/www.w3.org\/2000\/svg\" viewBox=\"0 0 448 512\"><path d=\"M438.6 105.4C451.1 117.9 451.1 138.1 438.6 150.6L182.6 406.6C170.1 419.1 149.9 419.1 137.4 406.6L9.372 278.6C-3.124 266.1-3.124 245.9 9.372 233.4C21.87 220.9 42.13 220.9 54.63 233.4L159.1 338.7L393.4 105.4C405.9 92.88 426.1 92.88 438.6 105.4H438.6z\"><\/path><\/svg><\/span><span class=\"uagb-icon-list__label\">Toplumda fark\u0131ndal\u0131k ve bilin\u00e7 y\u00fckseltme.<\/span><\/div>\n<\/div><\/div>\n<\/div>\n<\/div>\n<\/div><\/div>\n\n\n\n<div class=\"wp-block-uagb-container uagb-layout-grid uagb-block-fadd42c5 alignfull uagb-is-root-container\"><div class=\"uagb-container-inner-blocks-wrap\">\n<div class=\"wp-block-uagb-image uagb-block-f38a8aa3 wp-block-uagb-image--layout-default wp-block-uagb-image--effect-static wp-block-uagb-image--align-none\"><figure class=\"wp-block-uagb-image__figure\"><img decoding=\"async\" srcset=\"https:\/\/www.yasamcantam.com\/wp-content\/uploads\/2025\/05\/pexels-photo-7230180.jpeg ,https:\/\/www.yasamcantam.com\/wp-content\/uploads\/2025\/05\/pexels-photo-7230180.jpeg 780w, https:\/\/www.yasamcantam.com\/wp-content\/uploads\/2025\/05\/pexels-photo-7230180.jpeg 360w\" sizes=\"auto, (max-width: 480px) 150px\" src=\"https:\/\/www.yasamcantam.com\/wp-content\/uploads\/2025\/05\/pexels-photo-7230180.jpeg\" alt=\"\" class=\"uag-image-19\" width=\"560\" height=\"450\" title=\"our-story\" loading=\"lazy\" role=\"img\"\/><\/figure><\/div>\n\n\n\n<div class=\"wp-block-uagb-info-box uagb-block-1dd6d35e uagb-infobox__content-wrap  uagb-infobox-icon-above-title uagb-infobox-image-valign-top\"><div class=\"uagb-ifb-content\"><div class=\"uagb-ifb-title-wrap\"><span class=\"uagb-ifb-title-prefix\">Tarih\u00e7emiz<\/span><h2 class=\"uagb-ifb-title\">Ya\u015fam \u00c7antam&#8217;\u0131n Kurulu\u015f ve Geli\u015fim S\u00fcreci<\/h2><\/div><p class=\"uagb-ifb-desc\">Ya\u015fam \u00c7antam, 2025 y\u0131l\u0131nda \u0130stanbul&#8217;da afete haz\u0131rl\u0131k ve acil durum \u00fcr\u00fcnleri tedarik etme amac\u0131yla kurulmu\u015ftur. K\u0131sa s\u00fcrede, bir\u00e7ok ba\u015far\u0131l\u0131 \u00fcr\u00fcn grubunu bir araya getirerek, toplumumuzu bilin\u00e7lendirmeye y\u00f6nelik \u00e7e\u015fitli e\u011fitim programlar\u0131 d\u00fczenlemi\u015ftir. Yenilik\u00e7i yakla\u015f\u0131m\u0131 ve sa\u011flam a\u011f\u0131 ile hem bireylerin hem de kurumsal m\u00fc\u015fterilerin g\u00fcvenilir bir partneri haline gelmi\u015ftir.<\/p><\/div><\/div>\n<\/div><\/div>\n\n\n\n<div class=\"wp-block-uagb-container uagb-block-288b055f alignfull uagb-is-root-container\"><div class=\"uagb-container-inner-blocks-wrap\">\n<div class=\"wp-block-uagb-container uag-blocks-common-selector uagb-layout-grid uagb-block-f5b117b5 default uagb-is-root-container\">\n<div class=\"wp-block-uagb-info-box uagb-block-23d92e6f uagb-infobox__content-wrap  uagb-infobox-icon-above-title uagb-infobox-image-valign-top\"><div class=\"uagb-ifb-content\"><div class=\"uagb-ifb-title-wrap\"><span class=\"uagb-ifb-title-prefix\">Eyleme Ge\u00e7in<\/span><h2 class=\"uagb-ifb-title\">Acil Durum Haz\u0131rl\u0131klar\u0131n\u0131z\u0131 Ba\u015flat\u0131n<\/h2><\/div><p class=\"uagb-ifb-desc\">Hayat kurtaracak bilgilere ve \u00fcr\u00fcnlere hemen ula\u015f\u0131n.<\/p><\/div><\/div>\n\n\n\n<div class=\"wp-block-uagb-buttons uagb-buttons__outer-wrap uagb-btn__default-btn uagb-btn-tablet__default-btn uagb-btn-mobile__default-btn uagb-block-7f94030b\"><div class=\"uagb-buttons__wrap uagb-buttons-layout-wrap \">\n<div class=\"wp-block-uagb-buttons-child uagb-buttons__outer-wrap uagb-block-01974e58 wp-block-button\"><div class=\"uagb-button__wrapper\"><a class=\"uagb-buttons-repeater wp-block-button__link\" aria-label=\"\" href=\"store\/\" rel=\"follow noopener\" target=\"_self\" role=\"button\"><div class=\"uagb-button__link\">Hemen Ba\u015flay\u0131n<\/div><\/a><\/div><\/div>\n<\/div><\/div>\n<\/div>\n<\/div><\/div>\n","protected":false},"excerpt":{"rendered":"<p>G\u00fcvenli\u011finiz \u0130\u00e7in Buraday\u0131z Acil Durum Haz\u0131rl\u0131klar\u0131nda Lider Platform Hakk\u0131m\u0131zda Ya\u015fam \u00c7antam: Afetlerin G\u00f6zetiminde En \u0130yi \u00c7\u00f6z\u00fcm Ya\u015fam \u00c7antam, T\u00fcrkiye&#8217;de acil [&hellip;]<\/p>\n","protected":false},"author":1,"featured_media":0,"parent":0,"menu_order":0,"comment_status":"closed","ping_status":"closed","template":"","meta":{"_uag_custom_page_level_css":"","site-sidebar-layout":"default","site-content-layout":"","ast-site-content-layout":"default","site-content-style":"default","site-sidebar-style":"default","ast-global-header-display":"","ast-banner-title-visibility":"","ast-main-header-display":"","ast-hfb-above-header-display":"","ast-hfb-below-header-display":"","ast-hfb-mobile-header-display":"","site-post-title":"disabled","ast-breadcrumbs-content":"","ast-featured-img":"","footer-sml-layout":"","ast-disable-related-posts":"","theme-transparent-header-meta":"","adv-header-id-meta":"","stick-header-meta":"","header-above-stick-meta":"","header-main-stick-meta":"","header-below-stick-meta":"","astra-migrate-meta-layouts":"default","ast-page-background-enabled":"default","ast-page-background-meta":{"desktop":{"background-color":"var(--ast-global-color-4)","background-image":"","background-repeat":"repeat","background-position":"center center","background-size":"auto","background-attachment":"scroll","background-type":"","background-media":"","overlay-type":"","overlay-color":"","overlay-opacity":"","overlay-gradient":""},"tablet":{"background-color":"","background-image":"","background-repeat":"repeat","background-position":"center center","background-size":"auto","background-attachment":"scroll","background-type":"","background-media":"","overlay-type":"","overlay-color":"","overlay-opacity":"","overlay-gradient":""},"mobile":{"background-color":"","background-image":"","background-repeat":"repeat","background-position":"center center","background-size":"auto","background-attachment":"scroll","background-type":"","background-media":"","overlay-type":"","overlay-color":"","overlay-opacity":"","overlay-gradient":""}},"ast-content-background-meta":{"desktop":{"background-color":"var(--ast-global-color-5)","background-image":"","background-repeat":"repeat","background-position":"center center","background-size":"auto","background-attachment":"scroll","background-type":"","background-media":"","overlay-type":"","overlay-color":"","overlay-opacity":"","overlay-gradient":""},"tablet":{"background-color":"var(--ast-global-color-5)","background-image":"","background-repeat":"repeat","background-position":"center center","background-size":"auto","background-attachment":"scroll","background-type":"","background-media":"","overlay-type":"","overlay-color":"","overlay-opacity":"","overlay-gradient":""},"mobile":{"background-color":"var(--ast-global-color-5)","background-image":"","background-repeat":"repeat","background-position":"center center","background-size":"auto","background-attachment":"scroll","background-type":"","background-media":"","overlay-type":"","overlay-color":"","overlay-opacity":"","overlay-gradient":""}},"footnotes":""},"class_list":["post-29","page","type-page","status-publish","hentry"],"yoast_head":"<!-- This site is optimized with the Yoast SEO plugin v27.4 - https:\/\/yoast.com\/product\/yoast-seo-wordpress\/ -->\n<title>About Us<\/title>\n<meta name=\"robots\" content=\"index, follow, max-snippet:-1, max-image-preview:large, max-video-preview:-1\" \/>\n<link rel=\"canonical\" href=\"https:\/\/www.yasamcantam.com\/en\/hakkimizda\/\" \/>\n<meta property=\"og:locale\" content=\"en_US\" \/>\n<meta property=\"og:locale:alternate\" content=\"tr_TR\" \/>\n<meta property=\"og:type\" content=\"article\" \/>\n<meta property=\"og:title\" content=\"About Us\" \/>\n<meta property=\"og:description\" content=\"G\u00fcvenli\u011finiz \u0130\u00e7in Buraday\u0131z Acil Durum Haz\u0131rl\u0131klar\u0131nda Lider Platform Hakk\u0131m\u0131zda Ya\u015fam \u00c7antam: Afetlerin G\u00f6zetiminde En \u0130yi \u00c7\u00f6z\u00fcm Ya\u015fam \u00c7antam, T\u00fcrkiye&#8217;de acil [&hellip;]\" \/>\n<meta property=\"og:url\" content=\"https:\/\/www.yasamcantam.com\/en\/hakkimizda\/\" \/>\n<meta property=\"og:site_name\" content=\"Ya\u015fam &Ccedil;antam\" \/>\n<meta property=\"article:modified_time\" content=\"2025-05-09T07:32:59+00:00\" \/>\n<meta property=\"og:image\" content=\"http:\/\/www.yasamcantam.com\/wp-content\/uploads\/2025\/05\/pexels-photo-7230180.jpeg\" \/>\n<meta name=\"twitter:card\" content=\"summary_large_image\" \/>\n<meta name=\"twitter:label1\" content=\"Est. reading time\" \/>\n\t<meta name=\"twitter:data1\" content=\"4 minutes\" \/>\n<script type=\"application\/ld+json\" class=\"yoast-schema-graph\">{\"@context\":\"https:\\\/\\\/schema.org\",\"@graph\":[{\"@type\":\"WebPage\",\"@id\":\"https:\\\/\\\/www.yasamcantam.com\\\/hakkimizda\\\/\",\"url\":\"https:\\\/\\\/www.yasamcantam.com\\\/hakkimizda\\\/\",\"name\":\"About Us\",\"isPartOf\":{\"@id\":\"https:\\\/\\\/www.yasamcantam.com\\\/en\\\/#website\"},\"primaryImageOfPage\":{\"@id\":\"https:\\\/\\\/www.yasamcantam.com\\\/hakkimizda\\\/#primaryimage\"},\"image\":{\"@id\":\"https:\\\/\\\/www.yasamcantam.com\\\/hakkimizda\\\/#primaryimage\"},\"thumbnailUrl\":\"http:\\\/\\\/www.yasamcantam.com\\\/wp-content\\\/uploads\\\/2025\\\/05\\\/pexels-photo-7230180.jpeg\",\"datePublished\":\"2025-05-03T06:15:38+00:00\",\"dateModified\":\"2025-05-09T07:32:59+00:00\",\"breadcrumb\":{\"@id\":\"https:\\\/\\\/www.yasamcantam.com\\\/hakkimizda\\\/#breadcrumb\"},\"inLanguage\":\"en-US\",\"potentialAction\":[{\"@type\":\"ReadAction\",\"target\":[\"https:\\\/\\\/www.yasamcantam.com\\\/hakkimizda\\\/\"]}]},{\"@type\":\"ImageObject\",\"inLanguage\":\"en-US\",\"@id\":\"https:\\\/\\\/www.yasamcantam.com\\\/hakkimizda\\\/#primaryimage\",\"url\":\"http:\\\/\\\/www.yasamcantam.com\\\/wp-content\\\/uploads\\\/2025\\\/05\\\/pexels-photo-7230180.jpeg\",\"contentUrl\":\"http:\\\/\\\/www.yasamcantam.com\\\/wp-content\\\/uploads\\\/2025\\\/05\\\/pexels-photo-7230180.jpeg\"},{\"@type\":\"BreadcrumbList\",\"@id\":\"https:\\\/\\\/www.yasamcantam.com\\\/hakkimizda\\\/#breadcrumb\",\"itemListElement\":[{\"@type\":\"ListItem\",\"position\":1,\"name\":\"Anasayfa\",\"item\":\"https:\\\/\\\/www.yasamcantam.com\\\/en\\\/\"},{\"@type\":\"ListItem\",\"position\":2,\"name\":\"Hakk\u0131m\u0131zda\"}]},{\"@type\":\"WebSite\",\"@id\":\"https:\\\/\\\/www.yasamcantam.com\\\/en\\\/#website\",\"url\":\"https:\\\/\\\/www.yasamcantam.com\\\/en\\\/\",\"name\":\"Ya\u015fam \u00c7antam\",\"description\":\"Afet ve Acil Durum &Ccedil;anta ve Gere&ccedil;leri\",\"publisher\":{\"@id\":\"https:\\\/\\\/www.yasamcantam.com\\\/en\\\/#organization\"},\"potentialAction\":[{\"@type\":\"SearchAction\",\"target\":{\"@type\":\"EntryPoint\",\"urlTemplate\":\"https:\\\/\\\/www.yasamcantam.com\\\/en\\\/?s={search_term_string}\"},\"query-input\":{\"@type\":\"PropertyValueSpecification\",\"valueRequired\":true,\"valueName\":\"search_term_string\"}}],\"inLanguage\":\"en-US\"},{\"@type\":\"Organization\",\"@id\":\"https:\\\/\\\/www.yasamcantam.com\\\/en\\\/#organization\",\"name\":\"Ya\u015fam \u00c7antam\",\"url\":\"https:\\\/\\\/www.yasamcantam.com\\\/en\\\/\",\"logo\":{\"@type\":\"ImageObject\",\"inLanguage\":\"en-US\",\"@id\":\"https:\\\/\\\/www.yasamcantam.com\\\/en\\\/#\\\/schema\\\/logo\\\/image\\\/\",\"url\":\"https:\\\/\\\/www.yasamcantam.com\\\/wp-content\\\/uploads\\\/2025\\\/05\\\/logo5-yasamcantam-1.png\",\"contentUrl\":\"https:\\\/\\\/www.yasamcantam.com\\\/wp-content\\\/uploads\\\/2025\\\/05\\\/logo5-yasamcantam-1.png\",\"width\":628,\"height\":186,\"caption\":\"Ya\u015fam \u00c7antam\"},\"image\":{\"@id\":\"https:\\\/\\\/www.yasamcantam.com\\\/en\\\/#\\\/schema\\\/logo\\\/image\\\/\"}}]}<\/script>\n<!-- \/ Yoast SEO plugin. -->","yoast_head_json":{"title":"About Us","robots":{"index":"index","follow":"follow","max-snippet":"max-snippet:-1","max-image-preview":"max-image-preview:large","max-video-preview":"max-video-preview:-1"},"canonical":"https:\/\/www.yasamcantam.com\/en\/hakkimizda\/","og_locale":"en_US","og_type":"article","og_title":"[:en]About Us[:tr]Hakk\u0131m\u0131zda[:] - Ya\u015fam &Ccedil;antam","og_description":"G\u00fcvenli\u011finiz \u0130\u00e7in Buraday\u0131z Acil Durum Haz\u0131rl\u0131klar\u0131nda Lider Platform Hakk\u0131m\u0131zda Ya\u015fam \u00c7antam: Afetlerin G\u00f6zetiminde En \u0130yi \u00c7\u00f6z\u00fcm Ya\u015fam \u00c7antam, T\u00fcrkiye&#8217;de acil [&hellip;]","og_url":"https:\/\/www.yasamcantam.com\/en\/hakkimizda\/","og_site_name":"Ya\u015fam &Ccedil;antam","article_modified_time":"2025-05-09T07:32:59+00:00","og_image":[{"url":"http:\/\/www.yasamcantam.com\/wp-content\/uploads\/2025\/05\/pexels-photo-7230180.jpeg","type":"","width":"","height":""}],"twitter_card":"summary_large_image","twitter_misc":{"Est. reading time":"4 minutes"},"schema":{"@context":"https:\/\/schema.org","@graph":[{"@type":"WebPage","@id":"https:\/\/www.yasamcantam.com\/hakkimizda\/","url":"https:\/\/www.yasamcantam.com\/hakkimizda\/","name":"About Us","isPartOf":{"@id":"https:\/\/www.yasamcantam.com\/en\/#website"},"primaryImageOfPage":{"@id":"https:\/\/www.yasamcantam.com\/hakkimizda\/#primaryimage"},"image":{"@id":"https:\/\/www.yasamcantam.com\/hakkimizda\/#primaryimage"},"thumbnailUrl":"http:\/\/www.yasamcantam.com\/wp-content\/uploads\/2025\/05\/pexels-photo-7230180.jpeg","datePublished":"2025-05-03T06:15:38+00:00","dateModified":"2025-05-09T07:32:59+00:00","breadcrumb":{"@id":"https:\/\/www.yasamcantam.com\/hakkimizda\/#breadcrumb"},"inLanguage":"en-US","potentialAction":[{"@type":"ReadAction","target":["https:\/\/www.yasamcantam.com\/hakkimizda\/"]}]},{"@type":"ImageObject","inLanguage":"en-US","@id":"https:\/\/www.yasamcantam.com\/hakkimizda\/#primaryimage","url":"http:\/\/www.yasamcantam.com\/wp-content\/uploads\/2025\/05\/pexels-photo-7230180.jpeg","contentUrl":"http:\/\/www.yasamcantam.com\/wp-content\/uploads\/2025\/05\/pexels-photo-7230180.jpeg"},{"@type":"BreadcrumbList","@id":"https:\/\/www.yasamcantam.com\/hakkimizda\/#breadcrumb","itemListElement":[{"@type":"ListItem","position":1,"name":"Anasayfa","item":"https:\/\/www.yasamcantam.com\/en\/"},{"@type":"ListItem","position":2,"name":"Hakk\u0131m\u0131zda"}]},{"@type":"WebSite","@id":"https:\/\/www.yasamcantam.com\/en\/#website","url":"https:\/\/www.yasamcantam.com\/en\/","name":"Ya\u015fam \u00c7antam","description":"Afet ve Acil Durum &Ccedil;anta ve Gere&ccedil;leri","publisher":{"@id":"https:\/\/www.yasamcantam.com\/en\/#organization"},"potentialAction":[{"@type":"SearchAction","target":{"@type":"EntryPoint","urlTemplate":"https:\/\/www.yasamcantam.com\/en\/?s={search_term_string}"},"query-input":{"@type":"PropertyValueSpecification","valueRequired":true,"valueName":"search_term_string"}}],"inLanguage":"en-US"},{"@type":"Organization","@id":"https:\/\/www.yasamcantam.com\/en\/#organization","name":"Ya\u015fam \u00c7antam","url":"https:\/\/www.yasamcantam.com\/en\/","logo":{"@type":"ImageObject","inLanguage":"en-US","@id":"https:\/\/www.yasamcantam.com\/en\/#\/schema\/logo\/image\/","url":"https:\/\/www.yasamcantam.com\/wp-content\/uploads\/2025\/05\/logo5-yasamcantam-1.png","contentUrl":"https:\/\/www.yasamcantam.com\/wp-content\/uploads\/2025\/05\/logo5-yasamcantam-1.png","width":628,"height":186,"caption":"Ya\u015fam \u00c7antam"},"image":{"@id":"https:\/\/www.yasamcantam.com\/en\/#\/schema\/logo\/image\/"}}]}},"uagb_featured_image_src":{"full":false,"thumbnail":false,"medium":false,"medium_large":false,"large":false,"1536x1536":false,"2048x2048":false,"woocommerce_thumbnail":false,"woocommerce_single":false,"woocommerce_gallery_thumbnail":false},"uagb_author_info":{"display_name":"admin","author_link":"https:\/\/www.yasamcantam.com\/en\/author\/admin\/"},"uagb_comment_info":0,"uagb_excerpt":"G\u00fcvenli\u011finiz \u0130\u00e7in Buraday\u0131z Acil Durum Haz\u0131rl\u0131klar\u0131nda Lider Platform Hakk\u0131m\u0131zda Ya\u015fam \u00c7antam: Afetlerin G\u00f6zetiminde En \u0130yi \u00c7\u00f6z\u00fcm Ya\u015fam \u00c7antam, T\u00fcrkiye&#8217;de acil [&hellip;]","_links":{"self":[{"href":"https:\/\/www.yasamcantam.com\/en\/wp-json\/wp\/v2\/pages\/29","targetHints":{"allow":["GET"]}}],"collection":[{"href":"https:\/\/www.yasamcantam.com\/en\/wp-json\/wp\/v2\/pages"}],"about":[{"href":"https:\/\/www.yasamcantam.com\/en\/wp-json\/wp\/v2\/types\/page"}],"author":[{"embeddable":true,"href":"https:\/\/www.yasamcantam.com\/en\/wp-json\/wp\/v2\/users\/1"}],"replies":[{"embeddable":true,"href":"https:\/\/www.yasamcantam.com\/en\/wp-json\/wp\/v2\/comments?post=29"}],"version-history":[{"count":5,"href":"https:\/\/www.yasamcantam.com\/en\/wp-json\/wp\/v2\/pages\/29\/revisions"}],"predecessor-version":[{"id":431,"href":"https:\/\/www.yasamcantam.com\/en\/wp-json\/wp\/v2\/pages\/29\/revisions\/431"}],"wp:attachment":[{"href":"https:\/\/www.yasamcantam.com\/en\/wp-json\/wp\/v2\/media?parent=29"}],"curies":[{"name":"wp","href":"https:\/\/api.w.org\/{rel}","templated":true}]}}