{"id":30,"date":"2025-05-03T06:15:38","date_gmt":"2025-05-03T06:15:38","guid":{"rendered":"https:\/\/www.yasamcantam.com\/index.php\/services\/"},"modified":"2025-05-18T19:24:47","modified_gmt":"2025-05-18T19:24:47","slug":"hizmetler","status":"publish","type":"page","link":"https:\/\/www.yasamcantam.com\/en\/hizmetler\/","title":{"rendered":"Services"},"content":{"rendered":"\n<div class=\"wp-block-uagb-container uagb-block-c832201d alignfull uagb-is-root-container\">\n<div class=\"wp-block-uagb-container uagb-block-64e228b6 alignfull uagb-is-root-container\"><div class=\"uagb-container-inner-blocks-wrap\">\n<div class=\"wp-block-uagb-advanced-heading uagb-block-c75532a5\"><p class=\"uagb-desc-text\">G\u00fcvenli\u011finizi Sa\u011flay\u0131n<\/p><h1 class=\"uagb-heading-text\">Acil Durum Haz\u0131rl\u0131k Hizmetleri<\/h1><\/div>\n<\/div><\/div>\n<\/div>\n\n\n\n<div class=\"wp-block-uagb-container uagb-block-c688d207 alignfull uagb-is-root-container\"><div class=\"uagb-container-inner-blocks-wrap\">\n<div class=\"wp-block-uagb-container uagb-block-1167476f\">\n<div class=\"wp-block-uagb-image uagb-block-68a3ccf7 wp-block-uagb-image--layout-default wp-block-uagb-image--effect-static wp-block-uagb-image--align-none\"><figure class=\"wp-block-uagb-image__figure\"><img decoding=\"async\" srcset=\"https:\/\/www.yasamcantam.com\/wp-content\/uploads\/2025\/05\/pexels-photo-9380701.jpeg ,https:\/\/www.yasamcantam.com\/wp-content\/uploads\/2025\/05\/pexels-photo-9380701.jpeg 780w, https:\/\/www.yasamcantam.com\/wp-content\/uploads\/2025\/05\/pexels-photo-9380701.jpeg 360w\" sizes=\"auto, (max-width: 480px) 150px\" src=\"https:\/\/www.yasamcantam.com\/wp-content\/uploads\/2025\/05\/pexels-photo-9380701.jpeg\" alt=\"\" class=\"uag-image-13\" width=\"600\" height=\"400\" title=\"services-01\" loading=\"lazy\" role=\"img\"\/><\/figure><\/div>\n\n\n\n<div class=\"wp-block-uagb-container uagb-block-29b39a92\">\n<div class=\"wp-block-uagb-info-box uagb-block-83424adf uagb-infobox__content-wrap  uagb-infobox-icon-above-title uagb-infobox-image-valign-top\"><div class=\"uagb-ifb-content\"><div class=\"uagb-ifb-title-wrap\"><h2 class=\"uagb-ifb-title-prefix\">01<\/h2><p class=\"uagb-ifb-title\">E\u011fitim Programlar\u0131<\/p><\/div><p class=\"uagb-ifb-desc\">Afet ve acil durumlarda nas\u0131l davranman\u0131z gerekti\u011fini \u00f6\u011frenin. Uzmanlar\u0131m\u0131z taraf\u0131ndan verilen e\u011fitimler, toplumu bilin\u00e7lendirmeyi hedefler.<\/p><\/div><\/div>\n<\/div>\n<\/div>\n\n\n\n<div class=\"wp-block-uagb-container uagb-block-317de306\">\n<div class=\"wp-block-uagb-image uagb-block-e932dfec wp-block-uagb-image--layout-default wp-block-uagb-image--effect-static wp-block-uagb-image--align-none\"><figure class=\"wp-block-uagb-image__figure\"><img decoding=\"async\" srcset=\"https:\/\/www.yasamcantam.com\/wp-content\/uploads\/2025\/05\/pexels-photo-31852746.jpeg ,https:\/\/www.yasamcantam.com\/wp-content\/uploads\/2025\/05\/pexels-photo-31852746.jpeg 780w, https:\/\/www.yasamcantam.com\/wp-content\/uploads\/2025\/05\/pexels-photo-31852746.jpeg 360w\" sizes=\"auto, (max-width: 480px) 150px\" src=\"https:\/\/www.yasamcantam.com\/wp-content\/uploads\/2025\/05\/pexels-photo-31852746.jpeg\" alt=\"\" class=\"uag-image-14\" width=\"600\" height=\"400\" title=\"services-02\" loading=\"lazy\" role=\"img\"\/><\/figure><\/div>\n\n\n\n<div class=\"wp-block-uagb-container uagb-block-7d6d92de\">\n<div class=\"wp-block-uagb-info-box uagb-block-affe01c7 uagb-infobox__content-wrap  uagb-infobox-icon-above-title uagb-infobox-image-valign-top\"><div class=\"uagb-ifb-content\"><div class=\"uagb-ifb-title-wrap\"><h2 class=\"uagb-ifb-title-prefix\">02<\/h2><p class=\"uagb-ifb-title\">\u00c7anta Haz\u0131rlama Hizmeti<\/p><\/div><p class=\"uagb-ifb-desc\">Bireysel ve kurumsal ihtiya\u00e7lar\u0131n\u0131za uygun afet \u00e7antalar\u0131n\u0131 haz\u0131rlaman\u0131za yard\u0131mc\u0131 oluyoruz. T\u00fcm gerekli malzemelerin eksiksiz \u015fekilde temin edilmesini sa\u011fl\u0131yoruz.<\/p><\/div><\/div>\n<\/div>\n<\/div>\n\n\n\n<div class=\"wp-block-uagb-container uagb-block-1ff6c7ae\">\n<div class=\"wp-block-uagb-image uagb-block-a5d9daa2 wp-block-uagb-image--layout-default wp-block-uagb-image--effect-static wp-block-uagb-image--align-none\"><figure class=\"wp-block-uagb-image__figure\"><img decoding=\"async\" srcset=\"https:\/\/www.yasamcantam.com\/wp-content\/uploads\/2025\/05\/pexels-photo-6994962.jpeg ,https:\/\/www.yasamcantam.com\/wp-content\/uploads\/2025\/05\/pexels-photo-6994962.jpeg 780w, https:\/\/www.yasamcantam.com\/wp-content\/uploads\/2025\/05\/pexels-photo-6994962.jpeg 360w\" sizes=\"auto, (max-width: 480px) 150px\" src=\"https:\/\/www.yasamcantam.com\/wp-content\/uploads\/2025\/05\/pexels-photo-6994962.jpeg\" alt=\"\" class=\"uag-image-15\" width=\"600\" height=\"400\" title=\"services-03\" loading=\"lazy\" role=\"img\"\/><\/figure><\/div>\n\n\n\n<div class=\"wp-block-uagb-container uagb-block-1f5162ad\">\n<div class=\"wp-block-uagb-info-box uagb-block-ca864fac uagb-infobox__content-wrap  uagb-infobox-icon-above-title uagb-infobox-image-valign-top\"><div class=\"uagb-ifb-content\"><div class=\"uagb-ifb-title-wrap\"><h2 class=\"uagb-ifb-title-prefix\">03<\/h2><p class=\"uagb-ifb-title\">K\u0131lavuz ve Bilgilendirme<\/p><\/div><p class=\"uagb-ifb-desc\">Afet an\u0131nda gerekli olan bilgilere h\u0131zl\u0131ca ula\u015fman\u0131z\u0131 sa\u011flayan detayl\u0131 k\u0131lavuzlar ve kaynaklar sunuyoruz. Herkesin ihtiyac\u0131na uygun i\u00e7erikler sa\u011fl\u0131yoruz.<\/p><\/div><\/div>\n<\/div>\n<\/div>\n\n\n\n<div class=\"wp-block-uagb-container uagb-block-71b4b602\">\n<div class=\"wp-block-uagb-image uagb-block-e828b8ef wp-block-uagb-image--layout-default wp-block-uagb-image--effect-static wp-block-uagb-image--align-none\"><figure class=\"wp-block-uagb-image__figure\"><img decoding=\"async\" srcset=\"https:\/\/www.yasamcantam.com\/wp-content\/uploads\/2025\/05\/pexels-photo-6590918.jpeg ,https:\/\/www.yasamcantam.com\/wp-content\/uploads\/2025\/05\/pexels-photo-6590918.jpeg 780w, https:\/\/www.yasamcantam.com\/wp-content\/uploads\/2025\/05\/pexels-photo-6590918.jpeg 360w\" sizes=\"auto, (max-width: 480px) 150px\" src=\"https:\/\/www.yasamcantam.com\/wp-content\/uploads\/2025\/05\/pexels-photo-6590918.jpeg\" alt=\"\" class=\"uag-image-16\" width=\"600\" height=\"400\" title=\"services-04\" loading=\"lazy\" role=\"img\"\/><\/figure><\/div>\n\n\n\n<div class=\"wp-block-uagb-container uagb-block-fde4aeb3\">\n<div class=\"wp-block-uagb-info-box uagb-block-c1cad624 uagb-infobox__content-wrap  uagb-infobox-icon-above-title uagb-infobox-image-valign-top\"><div class=\"uagb-ifb-content\"><div class=\"uagb-ifb-title-wrap\"><h2 class=\"uagb-ifb-title-prefix\">04<\/h2><p class=\"uagb-ifb-title\">\u00dcr\u00fcn Tedarik Hizmeti<\/p><\/div><p class=\"uagb-ifb-desc\">Y\u00fcksek kaliteli acil durum malzemelerini edinebilir, ihtiya\u00e7lar\u0131n\u0131za uygun \u00fcr\u00fcnlerle \u00e7antan\u0131z\u0131 tamamlayabilirsiniz. G\u00fcvenilir \u00fcr\u00fcn tedarikimizle t\u00fcm ihtiya\u00e7lar\u0131n\u0131z\u0131 kar\u015f\u0131l\u0131yoruz.<\/p><\/div><\/div>\n<\/div>\n<\/div>\n<\/div><\/div>\n\n\n\n<div class=\"wp-block-uagb-container uagb-block-65ca346b alignfull uagb-is-root-container\"><div class=\"uagb-container-inner-blocks-wrap\">\n<div class=\"wp-block-uagb-advanced-heading uagb-block-2e2f5ae6\"><p class=\"uagb-desc-text\">Nas\u0131l \u00c7al\u0131\u015f\u0131yoruz<\/p><h2 class=\"uagb-heading-text\">Hizmet S\u00fcrecimiz<\/h2><\/div>\n\n\n\n<div class=\"wp-block-uagb-container uagb-block-64b2afa7\">\n<div class=\"wp-block-uagb-container uagb-block-5f3c304b\">\n<div class=\"wp-block-uagb-container uagb-layout-grid uagb-block-83d5db4c\">\n<div class=\"wp-block-uagb-advanced-heading uagb-block-0368c07f\"><p class=\"uagb-desc-text\">Step<\/p><\/div>\n\n\n\n<div class=\"wp-block-uagb-advanced-heading uagb-block-75d61706\"><h2 class=\"uagb-heading-text\">01<\/h2><\/div>\n<\/div>\n\n\n\n<div class=\"wp-block-uagb-advanced-heading uagb-block-058b9313\"><p class=\"uagb-heading-text\">Planlama<\/p><p class=\"uagb-desc-text\">\u0130htiya\u00e7lar\u0131n\u0131za g\u00f6re \u00f6zel planlamalar yap\u0131yoruz.<\/p><\/div>\n<\/div>\n\n\n\n<div class=\"wp-block-uagb-container uagb-block-d9284c02\">\n<div class=\"wp-block-uagb-container uagb-layout-grid uagb-block-19ef9116\">\n<div class=\"wp-block-uagb-advanced-heading uagb-block-8a638f21\"><p class=\"uagb-desc-text\">Step<\/p><\/div>\n\n\n\n<div class=\"wp-block-uagb-advanced-heading uagb-block-10b727d7\"><h2 class=\"uagb-heading-text\">02<\/h2><\/div>\n<\/div>\n\n\n\n<div class=\"wp-block-uagb-advanced-heading uagb-block-70a66198\"><p class=\"uagb-heading-text\">E\u011fitim<\/p><p class=\"uagb-desc-text\">Acil durumlar i\u00e7in e\u011fitim programlar\u0131m\u0131zla bilgi veriyoruz.<\/p><\/div>\n<\/div>\n\n\n\n<div class=\"wp-block-uagb-container uagb-block-96696703\">\n<div class=\"wp-block-uagb-container uagb-layout-grid uagb-block-9a5e32d4\">\n<div class=\"wp-block-uagb-advanced-heading uagb-block-67b7aa46\"><p class=\"uagb-desc-text\">Step<\/p><\/div>\n\n\n\n<div class=\"wp-block-uagb-advanced-heading uagb-block-ebc92c9d\"><h2 class=\"uagb-heading-text\">03<\/h2><\/div>\n<\/div>\n\n\n\n<div class=\"wp-block-uagb-advanced-heading uagb-block-097d06d1\"><p class=\"uagb-heading-text\">Uygulama<\/p><p class=\"uagb-desc-text\">Geli\u015ftirdi\u011fimiz k\u0131lavuz ve \u00fcr\u00fcnleri uygulamaya ge\u00e7iriyoruz.<\/p><\/div>\n<\/div>\n<\/div>\n<\/div><\/div>\n\n\n\n<div class=\"wp-block-uagb-container uagb-block-288b055f alignfull uagb-is-root-container\"><div class=\"uagb-container-inner-blocks-wrap\">\n<div class=\"wp-block-uagb-container uag-blocks-common-selector uagb-layout-grid uagb-block-f5b117b5 default uagb-is-root-container\">\n<div class=\"wp-block-uagb-info-box uagb-block-23d92e6f uagb-infobox__content-wrap  uagb-infobox-icon-above-title uagb-infobox-image-valign-top\"><div class=\"uagb-ifb-content\"><div class=\"uagb-ifb-title-wrap\"><span class=\"uagb-ifb-title-prefix\">Eyleme Ge\u00e7in<\/span><h2 class=\"uagb-ifb-title\">Acil Durum Haz\u0131rl\u0131klar\u0131n\u0131z\u0131 Ba\u015flat\u0131n<\/h2><\/div><p class=\"uagb-ifb-desc\">Hayat kurtaracak bilgilere ve \u00fcr\u00fcnlere hemen ula\u015f\u0131n.<\/p><\/div><\/div>\n\n\n\n<div class=\"wp-block-uagb-buttons uagb-buttons__outer-wrap uagb-btn__default-btn uagb-btn-tablet__default-btn uagb-btn-mobile__default-btn uagb-block-7f94030b\"><div class=\"uagb-buttons__wrap uagb-buttons-layout-wrap \">\n<div class=\"wp-block-uagb-buttons-child uagb-buttons__outer-wrap uagb-block-01974e58 wp-block-button\"><div class=\"uagb-button__wrapper\"><a class=\"uagb-buttons-repeater wp-block-button__link\" aria-label=\"\" href=\"store\/\" rel=\"follow noopener\" target=\"_self\" role=\"button\"><div class=\"uagb-button__link\">Hemen Ba\u015flay\u0131n<\/div><\/a><\/div><\/div>\n<\/div><\/div>\n<\/div>\n<\/div><\/div>\n","protected":false},"excerpt":{"rendered":"<p>G\u00fcvenli\u011finizi Sa\u011flay\u0131n Acil Durum Haz\u0131rl\u0131k Hizmetleri Nas\u0131l \u00c7al\u0131\u015f\u0131yoruz Hizmet S\u00fcrecimiz Step 01 Planlama \u0130htiya\u00e7lar\u0131n\u0131za g\u00f6re \u00f6zel planlamalar yap\u0131yoruz. Step 02 [&hellip;]<\/p>\n","protected":false},"author":1,"featured_media":0,"parent":0,"menu_order":0,"comment_status":"closed","ping_status":"closed","template":"","meta":{"_uag_custom_page_level_css":"","site-sidebar-layout":"default","site-content-layout":"","ast-site-content-layout":"default","site-content-style":"default","site-sidebar-style":"default","ast-global-header-display":"","ast-banner-title-visibility":"","ast-main-header-display":"","ast-hfb-above-header-display":"","ast-hfb-below-header-display":"","ast-hfb-mobile-header-display":"","site-post-title":"disabled","ast-breadcrumbs-content":"","ast-featured-img":"","footer-sml-layout":"","ast-disable-related-posts":"","theme-transparent-header-meta":"","adv-header-id-meta":"","stick-header-meta":"","header-above-stick-meta":"","header-main-stick-meta":"","header-below-stick-meta":"","astra-migrate-meta-layouts":"default","ast-page-background-enabled":"default","ast-page-background-meta":{"desktop":{"background-color":"var(--ast-global-color-4)","background-image":"","background-repeat":"repeat","background-position":"center center","background-size":"auto","background-attachment":"scroll","background-type":"","background-media":"","overlay-type":"","overlay-color":"","overlay-opacity":"","overlay-gradient":""},"tablet":{"background-color":"","background-image":"","background-repeat":"repeat","background-position":"center center","background-size":"auto","background-attachment":"scroll","background-type":"","background-media":"","overlay-type":"","overlay-color":"","overlay-opacity":"","overlay-gradient":""},"mobile":{"background-color":"","background-image":"","background-repeat":"repeat","background-position":"center center","background-size":"auto","background-attachment":"scroll","background-type":"","background-media":"","overlay-type":"","overlay-color":"","overlay-opacity":"","overlay-gradient":""}},"ast-content-background-meta":{"desktop":{"background-color":"var(--ast-global-color-5)","background-image":"","background-repeat":"repeat","background-position":"center center","background-size":"auto","background-attachment":"scroll","background-type":"","background-media":"","overlay-type":"","overlay-color":"","overlay-opacity":"","overlay-gradient":""},"tablet":{"background-color":"var(--ast-global-color-5)","background-image":"","background-repeat":"repeat","background-position":"center center","background-size":"auto","background-attachment":"scroll","background-type":"","background-media":"","overlay-type":"","overlay-color":"","overlay-opacity":"","overlay-gradient":""},"mobile":{"background-color":"var(--ast-global-color-5)","background-image":"","background-repeat":"repeat","background-position":"center center","background-size":"auto","background-attachment":"scroll","background-type":"","background-media":"","overlay-type":"","overlay-color":"","overlay-opacity":"","overlay-gradient":""}},"footnotes":""},"class_list":["post-30","page","type-page","status-publish","hentry"],"yoast_head":"<!-- This site is optimized with the Yoast SEO plugin v27.4 - https:\/\/yoast.com\/product\/yoast-seo-wordpress\/ -->\n<title>Services<\/title>\n<meta name=\"robots\" content=\"index, follow, max-snippet:-1, max-image-preview:large, max-video-preview:-1\" \/>\n<link rel=\"canonical\" href=\"https:\/\/www.yasamcantam.com\/en\/hizmetler\/\" \/>\n<meta property=\"og:locale\" content=\"en_US\" \/>\n<meta property=\"og:locale:alternate\" content=\"tr_TR\" \/>\n<meta property=\"og:type\" content=\"article\" \/>\n<meta property=\"og:title\" content=\"Services\" \/>\n<meta property=\"og:description\" content=\"G\u00fcvenli\u011finizi Sa\u011flay\u0131n Acil Durum Haz\u0131rl\u0131k Hizmetleri Nas\u0131l \u00c7al\u0131\u015f\u0131yoruz Hizmet S\u00fcrecimiz Step 01 Planlama \u0130htiya\u00e7lar\u0131n\u0131za g\u00f6re \u00f6zel planlamalar yap\u0131yoruz. Step 02 [&hellip;]\" \/>\n<meta property=\"og:url\" content=\"https:\/\/www.yasamcantam.com\/en\/hizmetler\/\" \/>\n<meta property=\"og:site_name\" content=\"Ya\u015fam &Ccedil;antam\" \/>\n<meta property=\"article:modified_time\" content=\"2025-05-18T19:24:47+00:00\" \/>\n<meta property=\"og:image\" content=\"http:\/\/www.yasamcantam.com\/wp-content\/uploads\/2025\/05\/pexels-photo-9380701.jpeg\" \/>\n<meta name=\"twitter:card\" content=\"summary_large_image\" \/>\n<meta name=\"twitter:label1\" content=\"Est. reading time\" \/>\n\t<meta name=\"twitter:data1\" content=\"2 minutes\" \/>\n<script type=\"application\/ld+json\" class=\"yoast-schema-graph\">{\"@context\":\"https:\\\/\\\/schema.org\",\"@graph\":[{\"@type\":\"WebPage\",\"@id\":\"https:\\\/\\\/www.yasamcantam.com\\\/hizmetler\\\/\",\"url\":\"https:\\\/\\\/www.yasamcantam.com\\\/hizmetler\\\/\",\"name\":\"Services\",\"isPartOf\":{\"@id\":\"https:\\\/\\\/www.yasamcantam.com\\\/en\\\/#website\"},\"primaryImageOfPage\":{\"@id\":\"https:\\\/\\\/www.yasamcantam.com\\\/hizmetler\\\/#primaryimage\"},\"image\":{\"@id\":\"https:\\\/\\\/www.yasamcantam.com\\\/hizmetler\\\/#primaryimage\"},\"thumbnailUrl\":\"http:\\\/\\\/www.yasamcantam.com\\\/wp-content\\\/uploads\\\/2025\\\/05\\\/pexels-photo-9380701.jpeg\",\"datePublished\":\"2025-05-03T06:15:38+00:00\",\"dateModified\":\"2025-05-18T19:24:47+00:00\",\"breadcrumb\":{\"@id\":\"https:\\\/\\\/www.yasamcantam.com\\\/hizmetler\\\/#breadcrumb\"},\"inLanguage\":\"en-US\",\"potentialAction\":[{\"@type\":\"ReadAction\",\"target\":[\"https:\\\/\\\/www.yasamcantam.com\\\/hizmetler\\\/\"]}]},{\"@type\":\"ImageObject\",\"inLanguage\":\"en-US\",\"@id\":\"https:\\\/\\\/www.yasamcantam.com\\\/hizmetler\\\/#primaryimage\",\"url\":\"http:\\\/\\\/www.yasamcantam.com\\\/wp-content\\\/uploads\\\/2025\\\/05\\\/pexels-photo-9380701.jpeg\",\"contentUrl\":\"http:\\\/\\\/www.yasamcantam.com\\\/wp-content\\\/uploads\\\/2025\\\/05\\\/pexels-photo-9380701.jpeg\"},{\"@type\":\"BreadcrumbList\",\"@id\":\"https:\\\/\\\/www.yasamcantam.com\\\/hizmetler\\\/#breadcrumb\",\"itemListElement\":[{\"@type\":\"ListItem\",\"position\":1,\"name\":\"Anasayfa\",\"item\":\"https:\\\/\\\/www.yasamcantam.com\\\/en\\\/\"},{\"@type\":\"ListItem\",\"position\":2,\"name\":\"Hizmetler\"}]},{\"@type\":\"WebSite\",\"@id\":\"https:\\\/\\\/www.yasamcantam.com\\\/en\\\/#website\",\"url\":\"https:\\\/\\\/www.yasamcantam.com\\\/en\\\/\",\"name\":\"Ya\u015fam \u00c7antam\",\"description\":\"Afet ve Acil Durum &Ccedil;anta ve Gere&ccedil;leri\",\"publisher\":{\"@id\":\"https:\\\/\\\/www.yasamcantam.com\\\/en\\\/#organization\"},\"potentialAction\":[{\"@type\":\"SearchAction\",\"target\":{\"@type\":\"EntryPoint\",\"urlTemplate\":\"https:\\\/\\\/www.yasamcantam.com\\\/en\\\/?s={search_term_string}\"},\"query-input\":{\"@type\":\"PropertyValueSpecification\",\"valueRequired\":true,\"valueName\":\"search_term_string\"}}],\"inLanguage\":\"en-US\"},{\"@type\":\"Organization\",\"@id\":\"https:\\\/\\\/www.yasamcantam.com\\\/en\\\/#organization\",\"name\":\"Ya\u015fam \u00c7antam\",\"url\":\"https:\\\/\\\/www.yasamcantam.com\\\/en\\\/\",\"logo\":{\"@type\":\"ImageObject\",\"inLanguage\":\"en-US\",\"@id\":\"https:\\\/\\\/www.yasamcantam.com\\\/en\\\/#\\\/schema\\\/logo\\\/image\\\/\",\"url\":\"https:\\\/\\\/www.yasamcantam.com\\\/wp-content\\\/uploads\\\/2025\\\/05\\\/logo5-yasamcantam-1.png\",\"contentUrl\":\"https:\\\/\\\/www.yasamcantam.com\\\/wp-content\\\/uploads\\\/2025\\\/05\\\/logo5-yasamcantam-1.png\",\"width\":628,\"height\":186,\"caption\":\"Ya\u015fam \u00c7antam\"},\"image\":{\"@id\":\"https:\\\/\\\/www.yasamcantam.com\\\/en\\\/#\\\/schema\\\/logo\\\/image\\\/\"}}]}<\/script>\n<!-- \/ Yoast SEO plugin. -->","yoast_head_json":{"title":"Services","robots":{"index":"index","follow":"follow","max-snippet":"max-snippet:-1","max-image-preview":"max-image-preview:large","max-video-preview":"max-video-preview:-1"},"canonical":"https:\/\/www.yasamcantam.com\/en\/hizmetler\/","og_locale":"en_US","og_type":"article","og_title":"[:en]Services[:tr]Hizmetler[:] - Ya\u015fam &Ccedil;antam","og_description":"G\u00fcvenli\u011finizi Sa\u011flay\u0131n Acil Durum Haz\u0131rl\u0131k Hizmetleri Nas\u0131l \u00c7al\u0131\u015f\u0131yoruz Hizmet S\u00fcrecimiz Step 01 Planlama \u0130htiya\u00e7lar\u0131n\u0131za g\u00f6re \u00f6zel planlamalar yap\u0131yoruz. Step 02 [&hellip;]","og_url":"https:\/\/www.yasamcantam.com\/en\/hizmetler\/","og_site_name":"Ya\u015fam &Ccedil;antam","article_modified_time":"2025-05-18T19:24:47+00:00","og_image":[{"url":"http:\/\/www.yasamcantam.com\/wp-content\/uploads\/2025\/05\/pexels-photo-9380701.jpeg","type":"","width":"","height":""}],"twitter_card":"summary_large_image","twitter_misc":{"Est. reading time":"2 minutes"},"schema":{"@context":"https:\/\/schema.org","@graph":[{"@type":"WebPage","@id":"https:\/\/www.yasamcantam.com\/hizmetler\/","url":"https:\/\/www.yasamcantam.com\/hizmetler\/","name":"Services","isPartOf":{"@id":"https:\/\/www.yasamcantam.com\/en\/#website"},"primaryImageOfPage":{"@id":"https:\/\/www.yasamcantam.com\/hizmetler\/#primaryimage"},"image":{"@id":"https:\/\/www.yasamcantam.com\/hizmetler\/#primaryimage"},"thumbnailUrl":"http:\/\/www.yasamcantam.com\/wp-content\/uploads\/2025\/05\/pexels-photo-9380701.jpeg","datePublished":"2025-05-03T06:15:38+00:00","dateModified":"2025-05-18T19:24:47+00:00","breadcrumb":{"@id":"https:\/\/www.yasamcantam.com\/hizmetler\/#breadcrumb"},"inLanguage":"en-US","potentialAction":[{"@type":"ReadAction","target":["https:\/\/www.yasamcantam.com\/hizmetler\/"]}]},{"@type":"ImageObject","inLanguage":"en-US","@id":"https:\/\/www.yasamcantam.com\/hizmetler\/#primaryimage","url":"http:\/\/www.yasamcantam.com\/wp-content\/uploads\/2025\/05\/pexels-photo-9380701.jpeg","contentUrl":"http:\/\/www.yasamcantam.com\/wp-content\/uploads\/2025\/05\/pexels-photo-9380701.jpeg"},{"@type":"BreadcrumbList","@id":"https:\/\/www.yasamcantam.com\/hizmetler\/#breadcrumb","itemListElement":[{"@type":"ListItem","position":1,"name":"Anasayfa","item":"https:\/\/www.yasamcantam.com\/en\/"},{"@type":"ListItem","position":2,"name":"Hizmetler"}]},{"@type":"WebSite","@id":"https:\/\/www.yasamcantam.com\/en\/#website","url":"https:\/\/www.yasamcantam.com\/en\/","name":"Ya\u015fam \u00c7antam","description":"Afet ve Acil Durum &Ccedil;anta ve Gere&ccedil;leri","publisher":{"@id":"https:\/\/www.yasamcantam.com\/en\/#organization"},"potentialAction":[{"@type":"SearchAction","target":{"@type":"EntryPoint","urlTemplate":"https:\/\/www.yasamcantam.com\/en\/?s={search_term_string}"},"query-input":{"@type":"PropertyValueSpecification","valueRequired":true,"valueName":"search_term_string"}}],"inLanguage":"en-US"},{"@type":"Organization","@id":"https:\/\/www.yasamcantam.com\/en\/#organization","name":"Ya\u015fam \u00c7antam","url":"https:\/\/www.yasamcantam.com\/en\/","logo":{"@type":"ImageObject","inLanguage":"en-US","@id":"https:\/\/www.yasamcantam.com\/en\/#\/schema\/logo\/image\/","url":"https:\/\/www.yasamcantam.com\/wp-content\/uploads\/2025\/05\/logo5-yasamcantam-1.png","contentUrl":"https:\/\/www.yasamcantam.com\/wp-content\/uploads\/2025\/05\/logo5-yasamcantam-1.png","width":628,"height":186,"caption":"Ya\u015fam \u00c7antam"},"image":{"@id":"https:\/\/www.yasamcantam.com\/en\/#\/schema\/logo\/image\/"}}]}},"uagb_featured_image_src":{"full":false,"thumbnail":false,"medium":false,"medium_large":false,"large":false,"1536x1536":false,"2048x2048":false,"woocommerce_thumbnail":false,"woocommerce_single":false,"woocommerce_gallery_thumbnail":false},"uagb_author_info":{"display_name":"admin","author_link":"https:\/\/www.yasamcantam.com\/en\/author\/admin\/"},"uagb_comment_info":0,"uagb_excerpt":"G\u00fcvenli\u011finizi Sa\u011flay\u0131n Acil Durum Haz\u0131rl\u0131k Hizmetleri Nas\u0131l \u00c7al\u0131\u015f\u0131yoruz Hizmet S\u00fcrecimiz Step 01 Planlama \u0130htiya\u00e7lar\u0131n\u0131za g\u00f6re \u00f6zel planlamalar yap\u0131yoruz. Step 02 [&hellip;]","_links":{"self":[{"href":"https:\/\/www.yasamcantam.com\/en\/wp-json\/wp\/v2\/pages\/30","targetHints":{"allow":["GET"]}}],"collection":[{"href":"https:\/\/www.yasamcantam.com\/en\/wp-json\/wp\/v2\/pages"}],"about":[{"href":"https:\/\/www.yasamcantam.com\/en\/wp-json\/wp\/v2\/types\/page"}],"author":[{"embeddable":true,"href":"https:\/\/www.yasamcantam.com\/en\/wp-json\/wp\/v2\/users\/1"}],"replies":[{"embeddable":true,"href":"https:\/\/www.yasamcantam.com\/en\/wp-json\/wp\/v2\/comments?post=30"}],"version-history":[{"count":5,"href":"https:\/\/www.yasamcantam.com\/en\/wp-json\/wp\/v2\/pages\/30\/revisions"}],"predecessor-version":[{"id":432,"href":"https:\/\/www.yasamcantam.com\/en\/wp-json\/wp\/v2\/pages\/30\/revisions\/432"}],"wp:attachment":[{"href":"https:\/\/www.yasamcantam.com\/en\/wp-json\/wp\/v2\/media?parent=30"}],"curies":[{"name":"wp","href":"https:\/\/api.w.org\/{rel}","templated":true}]}}